{"id":538,"date":"2014-07-31T14:41:45","date_gmt":"2014-07-31T12:41:45","guid":{"rendered":"http:\/\/www.afs.aero\/contact\/betriebe\/"},"modified":"2026-03-20T11:36:27","modified_gmt":"2026-03-20T09:36:27","slug":"operating-units","status":"publish","type":"page","link":"https:\/\/www.afs.aero\/en\/contact\/operating-units\/","title":{"rendered":"Operating units"},"content":{"rendered":"<p><a class=\"anker\" name=\"berlin1\"><\/a><\/p>\n<h2>Berlin<\/h2>\n<p>AFS Betriebsst\u00e4tte Berlin BER<br \/>\nK\u00e4the-Paulus Allee 7 \u2022 12529 Sch\u00f6nefeld<\/p>\n<p><strong>Station Manager:<\/strong> Ingo Theis<\/p>\n<p><strong>Telephone:<\/strong> +49 (0) 30-6091 78351 <br \/>\n<strong>Fax:<\/strong> +49 (0) 30-6091 78359 <br \/>\n<a href=\"mailto:konrad.peter@afs.aero\" target=\"_blank\" rel=\"noopener noreferrer\"><strong>Email:<\/strong> <\/a><a href=\"mailto:ingo.theis@afs.aero\">ingo.theis@afs.aero<\/a><\/p>\n<p>Operated from 04:30 to 23:00, 365 days<\/p>\n<p>&nbsp;<\/p>\n<h2>THBG<\/h2>\n<p>Elly-Beinhorn-Ring 2 \u2022 12529 Sch\u00f6nefeld<\/p>\n<p><strong>Station Manager: <\/strong>Michael B\u00f6hmke<\/p>\n<p>Telefon: +49 (0) 30-6091 78371<br \/>\nFax: +49 (0) 30-6091 78378<br \/>\nEmail: <a href=\"mailto:Michael.Boehmke@afs.aero\">Michael.Boehmke@afs.aero<\/a><\/p>\n<p>Operated round the clock, 365 days<\/p>\n<p><a href=\"https:\/\/www.afs.aero\/wp-content\/uploads\/2025\/01\/oeffentlichkeitsinfo-Tanklager-THBG-nach-Seveso-III_2024-10-28.pdf\">Public information Tank farm THBG according Seveso III<\/a><\/p>\n<p><a class=\"anker\" name=\"duesseldorf\"><\/a><\/p>\n<h2>D\u00fcsseldorf<\/h2>\n<p>AFS Betriebsst\u00e4tte D\u00fcsseldorf D\u00fcsseldorf Fuelling Services (DFS) GbR Tor 32 \u2022 40474 D\u00fcsseldorf<\/p>\n<p><b>Station Manager<\/b><strong>:<\/strong> Frank Greiwe<\/p>\n<p><strong>Telephone:<\/strong> +49 (0)211-40872510 <br \/>\n<strong>Fax:<\/strong> +49 (0)211-40872513 <br \/>\n<strong>E-mail:<\/strong> <a href=\"mailto:frank.greiwe@afs.aero\" target=\"_blank\" rel=\"noopener noreferrer\">frank.greiwe@afs.aero<\/a><\/p>\n<p>Operated from 04:30 to 23:00, 365 days<\/p>\n<p><a class=\"anker\" name=\"hamburg\"><\/a><\/p>\n<h2>Hamburg<\/h2>\n<p>Hamburg Fuelling Services (HFS) GbR <br \/>\nHamburg Tank Services (HTS) GbR <br \/>\nTankdienst-Gesellschaft Hamburg (TGH) GbR <br \/>\nGeb\u00e4ude 212 \u2022 22335 Hamburg<\/p>\n<p><b>Station Manager<\/b><strong>:<\/strong> Helmut Schunn<\/p>\n<p><strong>Telephone:<\/strong> +49 (0)40-59390340<br \/>\n<strong>E-mail:<\/strong> <a href=\"mailto:helmut.schunn@afs.aero\">Helmut.Schunn@afs.aero<\/a><\/p>\n<p>Operated from 04:30 to 22:30, 365 days<\/p>\n<p><a href=\"https:\/\/www.afs.aero\/wp-content\/uploads\/2025\/01\/oeffentlichkeitsinfo-Tanklager-HAM-nach-Seveso-III_2024-10-28.pdf\" target=\"_blank\" rel=\"noopener noreferrer\">Public information Tank farm HAM according Seveso III<\/a><\/p>\n<p><a class=\"anker\" name=\"koeln\"><\/a><\/p>\n<h2>Cologne<\/h2>\n<p>AFS Betriebsst\u00e4tte K\u00f6ln<br \/>\nTGK Tanklagergesellschaft K\u00f6ln-Bonn GbR<br \/>\nNeue Tanklager Stra\u00dfe 1 \u2022 51147 Cologne<\/p>\n<p><b>Site Manager<\/b><strong>:<\/strong> Andreas Grabe<\/p>\n<p><strong>Telephone:<\/strong> +49 (0)2203-402387 <br \/>\n<strong>E-mail:<\/strong> <a href=\"mailto:Andreas.Grabe@afs.aero\">Andreas.Grabe@afs.aero<\/a><\/p>\n<p>Operated round the clock, 365 days<\/p>\n<p><a href=\"https:\/\/www.afs.aero\/wp-content\/uploads\/2025\/02\/oeffentlichkeitsinfo-Tanklager-TGK-nach-Seveso-III_2025-02-24.pdf\" target=\"_blank\" rel=\"noopener noreferrer\">Public information Tank farm TGK according Seveso III<\/a><\/p>\n<p><a class=\"anker\" name=\"muenchen\"><\/a><\/p>\n<h2>Munich<\/h2>\n<p>AFS GmbH \u2022 ZWKS \u2013Zentrale Warenkontrollstelle \u2022 Nordallee 52 \u2022 85356 M\u00fcnchen-Flughafen<\/p>\n<p><b>Station Manager<\/b><strong>:<\/strong> Uwe Paulik<\/p>\n<p><strong>Telephone:<\/strong> +49 (0)89-97590908 <br \/>\n<strong>Fax:<\/strong> +49 (0)89-97590918 <br \/>\n<strong>E-mail:<\/strong> <a href=\"mailto:Uwe.Paulik@afs.aero\">Uwe.Paulik@afs.aero<\/a><\/p>\n<p>Operated from 05:00 to 23:00, 365 days<\/p>\n<p><a class=\"anker\" name=\"salzburg\"><\/a><\/p>\n<h2>Salzburg<\/h2>\n<p>Salzburg Fuelling GmbH Innsbrucker Bundesstrasse 95 \u2022 5020 Salzburg \u2022 Austria<\/p>\n<p><strong>CEO:<\/strong> <span id=\"page3R_mcid10\" class=\"markedContent\"><span dir=\"ltr\" role=\"presentation\">Werner Zeidler<\/span><\/span> <br \/>\n<b>Station Manager<\/b><strong>:<\/strong> Sebastian Romano<\/p>\n<p><strong>Telephone:<\/strong> +43 (0)662-853307 <br \/>\n<strong>Fax:<\/strong> +43 (0)662-853903 <br \/>\n<strong>E-mail:<\/strong> <a href=\"mailto: sebastian.romano@afs.aero\">sebastian.romano@afs.aero<\/a><\/p>\n<p>Operated from 06:00 to 22:00, 365 days<\/p>\n","protected":false},"excerpt":{"rendered":"<p>Berlin AFS Betriebsst\u00e4tte Berlin BER K\u00e4the-Paulus Allee 7 \u2022 12529 Sch\u00f6nefeld Station Manager: Ingo Theis Telephone: +49 (0) 30-6091 78351 Fax: +49 (0) 30-6091 78359 Email: ingo.theis@afs.aero Operated from 04:30 to 23:00, 365 days &nbsp; THBG Elly-Beinhorn-Ring 2 \u2022 12529 Sch\u00f6nefeld Station Manager: Michael B\u00f6hmke Telefon: +49 (0) 30-6091 78371 Fax: +49 (0) 30-6091 78378 [&hellip;]<\/p>\n","protected":false},"author":7,"featured_media":0,"parent":527,"menu_order":0,"comment_status":"open","ping_status":"closed","template":"page_betriebe_en.php","meta":{"_acf_changed":false,"footnotes":""},"class_list":["post-538","page","type-page","status-publish","hentry"],"acf":[],"yoast_head":"<!-- This site is optimized with the Yoast SEO plugin v27.1.1 - https:\/\/yoast.com\/product\/yoast-seo-wordpress\/ -->\n<title>Locations of the AFS Aviation Fuel Services GmbH<\/title>\n<meta name=\"description\" content=\"Have your customers refuelled by AFS at those locations. Ask us more about our locations.\" \/>\n<meta name=\"robots\" content=\"index, follow, max-snippet:-1, max-image-preview:large, max-video-preview:-1\" \/>\n<link rel=\"canonical\" href=\"https:\/\/www.afs.aero\/en\/contact\/operating-units\/\" \/>\n<meta property=\"og:locale\" content=\"en_US\" \/>\n<meta property=\"og:type\" content=\"article\" \/>\n<meta property=\"og:title\" content=\"Locations of the AFS Aviation Fuel Services GmbH\" \/>\n<meta property=\"og:description\" content=\"Have your customers refuelled by AFS at those locations. Ask us more about our locations.\" \/>\n<meta property=\"og:url\" content=\"https:\/\/www.afs.aero\/en\/contact\/operating-units\/\" \/>\n<meta property=\"og:site_name\" content=\"AFS Aviation Fuel Services GmbH\" \/>\n<meta property=\"article:modified_time\" content=\"2026-03-20T09:36:27+00:00\" \/>\n<meta name=\"twitter:label1\" content=\"Est. reading time\" \/>\n\t<meta name=\"twitter:data1\" content=\"2 minutes\" \/>\n<script type=\"application\/ld+json\" class=\"yoast-schema-graph\">{\"@context\":\"https:\/\/schema.org\",\"@graph\":[{\"@type\":\"WebPage\",\"@id\":\"https:\/\/www.afs.aero\/en\/contact\/operating-units\/\",\"url\":\"https:\/\/www.afs.aero\/en\/contact\/operating-units\/\",\"name\":\"Locations of the AFS Aviation Fuel Services GmbH\",\"isPartOf\":{\"@id\":\"https:\/\/www.afs.aero\/en\/#website\"},\"datePublished\":\"2014-07-31T12:41:45+00:00\",\"dateModified\":\"2026-03-20T09:36:27+00:00\",\"description\":\"Have your customers refuelled by AFS at those locations. Ask us more about our locations.\",\"breadcrumb\":{\"@id\":\"https:\/\/www.afs.aero\/en\/contact\/operating-units\/#breadcrumb\"},\"inLanguage\":\"en-US\",\"potentialAction\":[{\"@type\":\"ReadAction\",\"target\":[\"https:\/\/www.afs.aero\/en\/contact\/operating-units\/\"]}]},{\"@type\":\"BreadcrumbList\",\"@id\":\"https:\/\/www.afs.aero\/en\/contact\/operating-units\/#breadcrumb\",\"itemListElement\":[{\"@type\":\"ListItem\",\"position\":1,\"name\":\"Home\",\"item\":\"https:\/\/www.afs.aero\/en\/\"},{\"@type\":\"ListItem\",\"position\":2,\"name\":\"Contact\",\"item\":\"https:\/\/www.afs.aero\/en\/contact\/\"},{\"@type\":\"ListItem\",\"position\":3,\"name\":\"Operating units\"}]},{\"@type\":\"WebSite\",\"@id\":\"https:\/\/www.afs.aero\/en\/#website\",\"url\":\"https:\/\/www.afs.aero\/en\/\",\"name\":\"AFS Aviation Fuel Services GmbH\",\"description\":\"AFS - Flugzeugbetankung ist unser Kerngesch\u00e4ft\",\"potentialAction\":[{\"@type\":\"SearchAction\",\"target\":{\"@type\":\"EntryPoint\",\"urlTemplate\":\"https:\/\/www.afs.aero\/en\/?s={search_term_string}\"},\"query-input\":{\"@type\":\"PropertyValueSpecification\",\"valueRequired\":true,\"valueName\":\"search_term_string\"}}],\"inLanguage\":\"en-US\"}]}<\/script>\n<!-- \/ Yoast SEO plugin. -->","yoast_head_json":{"title":"Locations of the AFS Aviation Fuel Services GmbH","description":"Have your customers refuelled by AFS at those locations. Ask us more about our locations.","robots":{"index":"index","follow":"follow","max-snippet":"max-snippet:-1","max-image-preview":"max-image-preview:large","max-video-preview":"max-video-preview:-1"},"canonical":"https:\/\/www.afs.aero\/en\/contact\/operating-units\/","og_locale":"en_US","og_type":"article","og_title":"Locations of the AFS Aviation Fuel Services GmbH","og_description":"Have your customers refuelled by AFS at those locations. Ask us more about our locations.","og_url":"https:\/\/www.afs.aero\/en\/contact\/operating-units\/","og_site_name":"AFS Aviation Fuel Services GmbH","article_modified_time":"2026-03-20T09:36:27+00:00","twitter_misc":{"Est. reading time":"2 minutes"},"schema":{"@context":"https:\/\/schema.org","@graph":[{"@type":"WebPage","@id":"https:\/\/www.afs.aero\/en\/contact\/operating-units\/","url":"https:\/\/www.afs.aero\/en\/contact\/operating-units\/","name":"Locations of the AFS Aviation Fuel Services GmbH","isPartOf":{"@id":"https:\/\/www.afs.aero\/en\/#website"},"datePublished":"2014-07-31T12:41:45+00:00","dateModified":"2026-03-20T09:36:27+00:00","description":"Have your customers refuelled by AFS at those locations. Ask us more about our locations.","breadcrumb":{"@id":"https:\/\/www.afs.aero\/en\/contact\/operating-units\/#breadcrumb"},"inLanguage":"en-US","potentialAction":[{"@type":"ReadAction","target":["https:\/\/www.afs.aero\/en\/contact\/operating-units\/"]}]},{"@type":"BreadcrumbList","@id":"https:\/\/www.afs.aero\/en\/contact\/operating-units\/#breadcrumb","itemListElement":[{"@type":"ListItem","position":1,"name":"Home","item":"https:\/\/www.afs.aero\/en\/"},{"@type":"ListItem","position":2,"name":"Contact","item":"https:\/\/www.afs.aero\/en\/contact\/"},{"@type":"ListItem","position":3,"name":"Operating units"}]},{"@type":"WebSite","@id":"https:\/\/www.afs.aero\/en\/#website","url":"https:\/\/www.afs.aero\/en\/","name":"AFS Aviation Fuel Services GmbH","description":"AFS - Flugzeugbetankung ist unser Kerngesch\u00e4ft","potentialAction":[{"@type":"SearchAction","target":{"@type":"EntryPoint","urlTemplate":"https:\/\/www.afs.aero\/en\/?s={search_term_string}"},"query-input":{"@type":"PropertyValueSpecification","valueRequired":true,"valueName":"search_term_string"}}],"inLanguage":"en-US"}]}},"_links":{"self":[{"href":"https:\/\/www.afs.aero\/en\/wp-json\/wp\/v2\/pages\/538","targetHints":{"allow":["GET"]}}],"collection":[{"href":"https:\/\/www.afs.aero\/en\/wp-json\/wp\/v2\/pages"}],"about":[{"href":"https:\/\/www.afs.aero\/en\/wp-json\/wp\/v2\/types\/page"}],"author":[{"embeddable":true,"href":"https:\/\/www.afs.aero\/en\/wp-json\/wp\/v2\/users\/7"}],"replies":[{"embeddable":true,"href":"https:\/\/www.afs.aero\/en\/wp-json\/wp\/v2\/comments?post=538"}],"version-history":[{"count":2,"href":"https:\/\/www.afs.aero\/en\/wp-json\/wp\/v2\/pages\/538\/revisions"}],"predecessor-version":[{"id":2241,"href":"https:\/\/www.afs.aero\/en\/wp-json\/wp\/v2\/pages\/538\/revisions\/2241"}],"up":[{"embeddable":true,"href":"https:\/\/www.afs.aero\/en\/wp-json\/wp\/v2\/pages\/527"}],"wp:attachment":[{"href":"https:\/\/www.afs.aero\/en\/wp-json\/wp\/v2\/media?parent=538"}],"curies":[{"name":"wp","href":"https:\/\/api.w.org\/{rel}","templated":true}]}}